{"id":15766,"date":"2022-04-26T13:16:13","date_gmt":"2022-04-26T12:16:13","guid":{"rendered":"https:\/\/mark.ifdt.co\/data-privacy-statement\/"},"modified":"2022-04-26T13:16:14","modified_gmt":"2022-04-26T12:16:14","slug":"data-privacy-statement","status":"publish","type":"page","link":"https:\/\/savealife.at\/en\/data-privacy-statement\/","title":{"rendered":"Data Privacy Statement"},"content":{"rendered":"<div class='flex_column av-tmu7-f3190d6ebbeb7c0eea6e4f193289cc54 av_one_full  avia-builder-el-0  avia-builder-el-no-sibling  first flex_column_div '     ><p>\n<style type=\"text\/css\" data-created_by=\"avia_inline_auto\" id=\"style-css-av-kyscmewv-e43edf82ade3070678a8823dfd34b2c5\">\n#top .av-special-heading.av-kyscmewv-e43edf82ade3070678a8823dfd34b2c5{\npadding-bottom:10px;\n}\nbody .av-special-heading.av-kyscmewv-e43edf82ade3070678a8823dfd34b2c5 .av-special-heading-tag .heading-char{\nfont-size:25px;\n}\n.av-special-heading.av-kyscmewv-e43edf82ade3070678a8823dfd34b2c5 .av-subheading{\nfont-size:15px;\n}\n<\/style>\n<div  class='av-special-heading av-kyscmewv-e43edf82ade3070678a8823dfd34b2c5 av-special-heading-h1 blockquote modern-quote  avia-builder-el-1  el_before_av_textblock  avia-builder-el-first '><h1 class='av-special-heading-tag'  itemprop=\"headline\"  >Data Privacy Statement<\/h1><div class=\"special-heading-border\"><div class=\"special-heading-inner-border\"><\/div><\/div><\/div><br \/>\n<section  class='av_textblock_section av-kysco052-b727cba316d6e21fcf08ebe9a54b0557'  itemscope=\"itemscope\" itemtype=\"https:\/\/schema.org\/CreativeWork\" ><div class='avia_textblock'  itemprop=\"text\" ><p><strong>1. Personenbezogene Daten<\/strong>&#13;<br \/>\n&#13;<br \/>\nIm Allgemeinen ist es f\u00fcr die Nutzung unserer Webseite nicht erforderlich, dass Sie personenbezogene Daten angeben. Damit Sie aber unser Angebot umfassend nutzen k\u00f6nnen, ben\u00f6tigen wir ggf. Ihre personenbezogenen Daten. \u201ePersonenbezogene Daten\u201c sind Einzelangaben \u00fcber pers\u00f6nliche oder sachliche Verh\u00e4ltnisse einer bestimmten oder bestimmbaren nat\u00fcrlichen Person. Das sind zum einen Informationen unmittelbar zu Ihnen, z.B. Ihr richtiger Name, Ihre Anschrift, Ihre Telefonnummer und Ihr Geburtsdatum. Dazu geh\u00f6ren auch Informationen, die zwar nicht direkt Ihre wirkliche Identit\u00e4t offenlegen, die aber mit Ihnen in Verbindung gebracht werden k\u00f6nnen \u2013 wie z.B. favorisierte Webseiten oder Anzahl der Nutzer einer Seite oder Ihre IP-Adresse. Daher gilt: Personenbezogene Daten werden von uns nur dann erhoben, genutzt und weiter gegeben, wenn dies gesetzlich erlaubt ist, dies f\u00fcr die Nutzung eines unserer Angebote notwendig ist, oder Sie in die Datenerhebung einwilligen.&#13;<br \/>\n&#13;<br \/>\n<strong>2. Erhebung und Verarbeitung von personenbezogenen Daten<\/strong>&#13;<br \/>\n&#13;<br \/>\nWenn Sie unsere Webseiten besuchen, speichern unsere Webserver zum Zweck der Systemsicherheit tempor\u00e4r die Verbindungsdaten des anfragenden Rechners (IP-Adresse), die Webseiten, die Sie bei uns besuchen, das Datum und die Dauer des Besuches, die Kennungen des verwendeten Browsers und Betriebssystems (sog. \u201eUser Agent\u201c), sowie die Webseite, von der aus Sie uns besuchen (sog. \u201eReferrer\u201c). Diese Daten werden von uns zu statistischen Zwecken ausgewertet. Dies erfolgt in zusammengefasster Form, eine R\u00fcckverfolgung einzelner Benutzer-\/innen findet nicht statt. Dar\u00fcberhinausgehende personenbezogene Angaben, wie Ihr Name, Ihre Anschrift, Telefonnummer oder E-Mail-Adresse werden nicht erfasst, es sei denn, Sie machen diese Angaben freiwillig, z.B. im Rahmen einer Bewerbung, einer Informationsanfrage \u00fcber das Kontaktformular oder bei der Registrierung f\u00fcr einen Newsletter.&#13;<br \/>\nWenn Sie uns bestimmte Daten z.B. bei einer Bewerbung, nicht auf elektronischem Wege \u00fcberlassen m\u00f6chten, steht es Ihnen frei, uns z.B. auf dem Postwege unter der im Impressum angegebenen Adresse zu kontaktieren.&#13;<br \/>\n&#13;<br \/>\n<strong>3. Nutzung und Weitergabe der personenbezogenen Daten<\/strong>&#13;<br \/>\n&#13;<br \/>\nIhre personenbezogenen Daten verwenden wir zur Erf\u00fcllung Ihrer W\u00fcnsche und Anforderungen, also in der Regel zur Abwicklung des mit Ihnen geschlossenen Vertrages, zur Beantwortung Ihrer Anfrage, im Rahmen Ihrer Bewerbung oder zur Zusendung des Newsletters, f\u00fcr den Sie sich angemeldet haben. Eine \u00dcbermittlung Ihrer personenbezogenen Daten an Dritte erfolgt nur dann, wenn dies zum Zwecke der Vertragsabwicklung erforderlich ist oder Sie ausdr\u00fccklich eingewilligt haben, oder dass gesetzliche Regelungen eine \u00dcbermittlung zulassen. Ist f\u00fcr das Erbringen einer Leistung oder f\u00fcr die Beantwortung einer Anfrage die \u00dcbermittlung der pers\u00f6nlichen Daten an einen externen Dienstleister erforderlich, gew\u00e4hrleisten wir durch geeignete technische und organisatorische Ma\u00dfnahmen, dass dabei die gesetzlichen Bestimmungen zum Datenschutz eingehalten werden. Wir verpflichten unsere externen Dienstleister dar\u00fcber hinaus zur Einhaltung der einschl\u00e4gigen gesetzlichen Datenschutzbestimmungen, zur vertraulichen Behandlung und zur unverz\u00fcglichen L\u00f6schung der pers\u00f6nlichen Daten, sobald diese nicht mehr ben\u00f6tigt werden.&#13;<br \/>\n&#13;<br \/>\n<strong>4. Bewerbungen<\/strong>&#13;<br \/>\n&#13;<br \/>\nMit der Einreichung Ihrer Bewerbung erkl\u00e4ren Sie sich einverstanden, dass Ihre Daten gespeichert und im Rahmen des Bewerbungsverfahrens verwendet werden. Gleichzeitig erkl\u00e4ren Sie sich einverstanden, dass wir Ihre Daten \u00fcber die aktuelle Bewerbungsphase hinaus in Evidenz halten und gegebenenfalls auch bei sp\u00e4teren Stellenbesetzungsverfahren verwenden d\u00fcrfen. Sollten Sie dies nicht w\u00fcnschen, teilen Sie uns dies bitte im Zuge der Online Bewerbung entweder im Feld \u201eAnmerkungen\u201c oder per Mail\/Brief mit. Weiters erkl\u00e4ren Sie sich einverstanden, dass Ihre Daten von allen Unternehmen der MARK Gruppe verwendet werden. Sollten Sie dies nicht w\u00fcnschen, teilen Sie uns bitte im Feld \u201eAnmerkungen\u201c mit f\u00fcr welches Unternehmen Ihre Bewerbung ausschlie\u00dflich gelten soll oder schreiben Sie uns per Mail\/Brief.&#13;<br \/>\nIm \u00dcbrigen k\u00f6nnen wir von Ihnen \u00f6ffentlich zug\u00e4nglich gemachte, berufsbezogene Informationen verarbeiten, wie beispielsweise ein Profil bei beruflichen Social Media Netzwerken.&#13;<br \/>\n&#13;<br \/>\n<strong>5. Newsletter<\/strong>&#13;<br \/>\n&#13;<br \/>\nM\u00f6chten Sie einen unserer Newsletter empfangen, ben\u00f6tigen wir von Ihnen eine g\u00fcltige Email-Adresse sowie Informationen, mit denen wir \u00fcberpr\u00fcfen k\u00f6nnen, dass Sie der Inhaber der angegebenen Email-Adresse sind und mit dem Empfang des Newsletters einverstanden ist. Weitere Daten werden nicht erhoben. Diese Daten werden nur f\u00fcr den Versand der Newsletter verwendet und werden nicht an Dritte weiter gegeben. Mit der Anmeldung zum Newsletter speichern wir zu Ihrer Email-Adresse auch Ihre IP-Adresse und Zeit\/Datum der Anmeldung. Dies erfolgt alleine zu dem Zweck, einen Nachweis f\u00fcr den Fall zu haben, dass ein Dritter Ihre Emailadresse missbraucht und sich ohne Ihr Wissen f\u00fcr den Newsletter Empfang anmeldet. Ihre Einwilligung zur Speicherung der Daten, der Email-Adresse sowie deren Nutzung zum Versand des Newsletters k\u00f6nnen Sie jederzeit widerrufen. Der Widerruf kann \u00fcber einen Link in den Newslettern selbst, oder per Mitteilung an die darin enthaltenen oder unten stehenden Kontaktm\u00f6glichkeiten erfolgen.&#13;<br \/>\n&#13;<br \/>\n<strong>6. Google Analytics<\/strong>&#13;<br \/>\n&#13;<br \/>\nDiese Website benutzt Google Analytics, einen Webanalysedienst der Google Inc. (\u201eGoogle\u201c). Google Analytics verwendet sog. \u201eCookies\u201c, Textdateien, die auf Ihrem Computer gespeichert werden und die eine Analyse der Benutzung der Website durch Sie erm\u00f6glichen. Die durch das Cookie erzeugten Informationen \u00fcber Ihre Benutzung dieser Website werden in der Regel an einen Server von Google in den USA \u00fcbertragen und dort gespeichert. Wir haben jedoch auf dieser Webseite Google Analytics um den Code \u201eanonymizeIP\u201c erweitert. Dadurch wird Ihre IP-Adresse von Google innerhalb von Mitgliedstaaten der Europ\u00e4ischen Union oder in anderen Vertragsstaaten des Abkommens \u00fcber den Europ\u00e4ischen Wirtschaftsraum zuvor gek\u00fcrzt. Nur in Ausnahmef\u00e4llen wird die volle IP-Adresse an einen Server von Google in den USA \u00fcbertragen und dort gek\u00fcrzt. Im Auftrag des Betreibers dieser Website wird Google diese Informationen benutzen, um Ihre Nutzung der Website auszuwerten, um Reports \u00fcber die Websiteaktivit\u00e4ten zusammenzustellen und um weitere mit der Websitenutzung und der Internetnutzung verbundene Dienstleistungen gegen\u00fcber dem Websitebetreiber zu erbringen. Sie k\u00f6nnen die Speicherung der Cookies durch eine entsprechende Einstellung Ihrer Browser-Software verhindern; wir weisen Sie jedoch darauf hin, dass Sie in diesem Fall gegebenenfalls nicht s\u00e4mtliche Funktionen dieser Website vollumf\u00e4nglich werden nutzen k\u00f6nnen.&#13;<br \/>\nSie k\u00f6nnen dar\u00fcber hinaus die Erfassung der durch das Cookie erzeugten und auf Ihre Nutzung der Website bezogenen Daten (inkl. Ihrer IP-Adresse) an Google sowie die Verarbeitung dieser Daten durch Google verhindern, indem Sie das unter dem folgenden Link (http:\/\/tools.google.com\/dlpage\/gaoptout?hl=de) verf\u00fcgbare Browser-Plugin herunterladen und installieren. Alternativ zum Browser-Add-On, insbesondere bei Browsern auf mobilen Endger\u00e4ten, k\u00f6nnen Sie die Erfassung durch Google Analytics zudem verhindern, indem Sie auf folgenden Link klicken. Es wird ein Opt-Out-Cookie gesetzt, das die zuk\u00fcnftige Erfassung Ihrer Daten beim Besuch dieser Website verhindert. Der Opt-Out-Cookie gilt nur in diesem Browser und nur f\u00fcr unsere Website und wird auf Ihrem Ger\u00e4t abgelegt. L\u00f6schen Sie die Cookies in diesem Browser, m\u00fcssen Sie das Opt-Out-Cookie erneut setzen. Wir nutzen Google Analytics au\u00dferdem dazu, Daten aus Double-Click-Cookies und auch AdWords zu statistischen Zwecken auszuwerten. Sollten Sie dies nicht w\u00fcnschen, k\u00f6nnen Sie dies \u00fcber den Anzeigenvorgaben-Manager (http:\/\/www.google.com\/settings\/ads\/onweb\/?hl=de) deaktivieren. N\u00e4here Informationen zu Nutzungsbedingungen und Datenschutz finden Sie unter http:\/\/www.google.com\/analytics\/terms\/de.html bzw. unter https:\/\/www.google.de\/intl\/de\/policies\/.&#13;<br \/>\n&#13;<br \/>\n<strong>7. Social Bookmarks<\/strong>&#13;<br \/>\n&#13;<br \/>\nAuf unserer Webseite sind so genannte Social Bookmarks (bspw. Youtube, etc.) integriert. Social Bookmarks sind Internet-Lesezeichen, mit denen die Nutzer eines solchen Dienstes Links und Nachrichtenmeldungen sammeln k\u00f6nnen. Diese sind auf unserer Webseite lediglich als Link zu den entsprechenden Diensten eingebunden. Erst nach dem Anklicken der eingebundenen Grafik werden Sie auf die Seite des jeweiligen Anbieters weitergeleitet, d.h. erst dann werden Nutzerinformationen an den jeweiligen Anbieter \u00fcbertragen. Informationen zum Umgang mit Ihren personenbezogenen Daten bei Nutzung dieser Webseiten mit Social Bookmarks entnehmen Sie bitte den nachfolgenden Datenschutzbestimmungen. Die Nutzung der Dienste selbst richtet sich au\u00dferhalb unseres Angebots allein nach den Datenschutzbestimmungen der jeweiligen Anbieter&#13;<br \/>\n&#13;<br \/>\n<strong>8. YouTube Plugins (Videos)<\/strong>&#13;<br \/>\n&#13;<br \/>\nAuf dieser Website werden Plugins von Youtube.de\/Youtube.com verwendet, das \u2013 vertreten durch Google Inc. \u2013 durch YouTube, LLC, Cherry Ave., USA betrieben wird (\u201eYouTube\u201c). Beim Aufruf einer unserer Webseiten, die mit dieser Schaltfl\u00e4che ausgestattet sind, wird eine Verbindung zu den Youtube-Servern hergestellt und dabei das Plugin durch Mitteilung an Ihren Browser auf der Webseite dargestellt. Wir haben daher keinen Einfluss auf den Umfang der Daten, die YouTube mit der Schaltfl\u00e4che erhebt und informieren Sie entsprechend unseres Kenntnisstands: Durch den Aufruf der mit dem Plugin ausgestatteten Webseite wird an den YouTube-Server \u00fcbermittelt, welche unserer Webseiten Sie besucht haben. Sind Sie dabei als Mitglied bei YouTube eingeloggt, ordnet YouTube diese Information Ihren jeweils pers\u00f6nlichen Benutzerkonten dieser Plattformen zu. Bei Nutzung von Funktionen des Plugins wie z.B. Anklicken\/Start-Buttons eines Videos oder Senden eines Kommentars, werden diese Informationen Ihrem YouTube-Benutzerkonto zugeordnet, was Sie nur durch Ausloggen bei YouTube vor Nutzung des Plugins verhindern k\u00f6nnen. Informationen zur Erhebung und Nutzung der Daten durch die Plattform bzw. Plugins finden Sie in den Datenschutzhinweisen von YouTube unter: www.youtube.com&#13;<br \/>\n&#13;<br \/>\n<strong>9. Einsatz von Cookies<\/strong>&#13;<br \/>\n&#13;<br \/>\nWir verwenden Cookies und \u00e4hnliche Technologien (nachfolgend insgesamt \u201eCookies\u201c genannt), um Pr\u00e4ferenzen der Nutzer unserer Webseiten erkennen und um die Webseiten optimal gestalten zu k\u00f6nnen. Cookies sind kleine Dateien, die auf Ihrem Endger\u00e4t abgelegt werden. Diese k\u00f6nnen genutzt werden, um festzustellen, ob von Ihrem Endger\u00e4t bereits eine Kommunikation zu unseren Seiten bestanden hat. So k\u00f6nnen wir die Inhalte unserer Websites gezielt auf Ihre Bed\u00fcrfnisse abstimmen und somit unser Angebot f\u00fcr Sie verbessern. Es wird von uns lediglich das Cookie auf Ihrem Endger\u00e4t identifiziert. Personenbezogene Daten k\u00f6nnen dann in Cookies gespeichert werden, wenn dies technisch unbedingt erforderlich ist, zum Beispiel um einen gesch\u00fctzten Login zu erm\u00f6glichen.&#13;<br \/>\nEine Nutzung unserer Angebote ist auch ohne Cookies m\u00f6glich. Sie k\u00f6nnen in Ihrem Browser das Speichern von Cookies deaktivieren, auf bestimmte Webseiten beschr\u00e4nken oder Ihren Webbrowser (Chrome, IE, Firefox,\u2026) so einstellen, dass er sie benachrichtigt, sobald ein Cookie gesendet wird. Sie k\u00f6nnen Cookies auch jederzeit von der Festplatte ihres PC l\u00f6schen. Bitte beachten Sie aber, dass Sie in diesem Fall mit einer eingeschr\u00e4nkten Darstellung der Seite und mit einer eingeschr\u00e4nkten Benutzerf\u00fchrung rechnen m\u00fcssen.&#13;<br \/>\nDie Cookies Technologie kann auch von Dritten, z.B. den oben genannten sozialen Netzwerken, eingesetzt werden, die mittels Social Plugins auf unserer Seite integriert sind. Wir haben keinen Zugriff auf die Cookies dieser Dritten, und k\u00f6nnen deren Verwendung nicht beeinflussen.&#13;<br \/>\nDie meisten Browser akzeptieren Cookies automatisch. Auf Ihrem Endger\u00e4t k\u00f6nnen Sie bereits gesetzte Cookies jederzeit l\u00f6schen, oder Ihren Browser so einstellen, dass dieser keine Cookies annimmt, was zu Funktionseinschr\u00e4nkungen unseres Angebotes f\u00fchren kann. Wie das im Einzelnen funktioniert, entnehmen Sie bitte der Anleitung Ihres Browsers beziehungsweise Ihres Endger\u00e4te-Herstellers.&#13;<br \/>\n&#13;<br \/>\n<strong>10. Sicherheit<\/strong>&#13;<br \/>\n&#13;<br \/>\nWir haben die notwendigen technischen und organisatorischen Sicherheitsma\u00dfnahmen getroffen, um Ihre personenbezogenen Daten vor Verlust und Missbrauch zu sch\u00fctzen. So werden Ihre Daten in einer sicheren Betriebsumgebung gespeichert, die der \u00d6ffentlichkeit nicht zug\u00e4nglich ist. Sollten Sie mit uns per E-Mail in Kontakt treten wollen, weisen wir darauf hin, dass die Vertraulichkeit der \u00fcbermittelten Informationen nicht gew\u00e4hrleistet ist. Der Inhalt von E-Mails kann von Dritten eingesehen werden. Wir empfehlen Ihnen daher, uns vertrauliche Informationen ausschlie\u00dflich \u00fcber den Postweg zukommen zu lassen.&#13;<br \/>\n&#13;<br \/>\n<strong>11. \u00c4nderung dieser Datenschutzerkl\u00e4rung<\/strong>&#13;<br \/>\n&#13;<br \/>\nAus gesetzlichen und\/oder organisatorischen Gr\u00fcnden werden von Zeit zu Zeit \u00c4nderungen bzw. Anpassungen unserer Datenschutzerkl\u00e4rung erforderlich sein. Bitte beachten Sie diesbez\u00fcglich die jeweils aktuelle Version unserer Datenschutzerkl\u00e4rung, zu der Sie automatisch auch durch Klick auf den jeweiligen Link, der Ihnen bei der Cookie-Abfrage angezeigt wird, gelangen. \u00c4nderungen gelten stets f\u00fcr zuk\u00fcnftig erhobene personenbezogene Daten. Der Schutz der von uns vor der \u00c4nderung erhobenen und gespeicherten Daten wird dadurch nicht ber\u00fchrt.&#13;<br \/>\n12. Ihre Rechte auf Auskunft, Berichtigung und L\u00f6schung, Widerspruchsrecht&#13;<br \/>\nAuf Anfrage informieren wir Sie gerne dar\u00fcber, welche Daten wir \u00fcber Ihre Person (z.B. Name, Adresse) gespeichert haben. Wir d\u00fcrfen Ihnen nur Auskunft \u00fcber Ihre eigenen Daten geben. Bitte haben Sie daher Verst\u00e4ndnis daf\u00fcr, dass wir im Interesse der anderen Nutzer von Ihnen einen geeigneten Nachweis \u00fcber Ihre Identit\u00e4t verlangen k\u00f6nnen.&#13;<br \/>\nIhre Anfrage ist formfrei m\u00f6glich, aber wir empfehlen Ihnen diese in schriftlicher Form zu verfassen. Nutzen Sie dazu am besten die Emailadresse [datenschutz@mark.at] oder die im Impressum angegebenen Kontaktm\u00f6glichkeiten.&#13;<br \/>\nUnbeschadet der M\u00f6glichkeit, die Verwendung von Cookies ab- oder anzuschalten, k\u00f6nnen Sie jederzeit der weiteren Erhebung und Verwendung Ihrer Daten f\u00fcr die Zukunft wiedersprechen, uns erteile Einwilligungen widerrufen, und die L\u00f6schung Ihrer Daten veranlassen, oder uns Korrekturen mitteilen.&#13;<br \/>\nSie k\u00f6nnen uns Ihre Anfrage, L\u00f6schungsbegehren, Korrektur oder Widerspruch bzw. Widerruf formfrei mitteilen. Am besten nutzen Sie daf\u00fcr die Emailadresse [datenschutz@mark.at] oder Sie nutzen die im Impressum angegebenen Kontaktm\u00f6glichkeiten.&#13;<br \/>\n&#13;<br \/>\n<strong>13. Kontakt<\/strong>&#13;<br \/>\n&#13;<br \/>\nWenn Sie Fragen zum Thema Datenschutz haben, kontaktieren Sie uns bitte. Dazu verwenden Sie am besten die untenstehende Kontaktadresse oder die Kontaktdaten in unserem Impressum. Sie k\u00f6nnen jederzeit erfragen, ob und welche Ihrer Daten bei uns gespeichert sind. Dar\u00fcber hinaus k\u00f6nnen Sie uns Ausk\u00fcnfte, Sperrungs-, L\u00f6schungs- und Berichtigungsw\u00fcnsche hinsichtlich Ihrer personenbezogenen Daten sowie f\u00fcr Widerrufe erteilter Einwilligungen, als auch gerne auch Anregungen per E-Mail oder Brief zusenden. Sie k\u00f6nnen sich auch jederzeit an unseren Datenschutzkoordinator (datenschutz@mark.at) wenden, der im Falle von Auskunftsersuchen, Anregungen oder Beschwerden zur Verf\u00fcgung steht.&#13;<br \/>\n&#13;<br \/>\n<em>Stand: 12. Juni 2018<\/em><\/p>\n<\/div><\/section><\/p><\/div>\n","protected":false},"excerpt":{"rendered":"","protected":false},"author":1,"featured_media":0,"parent":0,"menu_order":0,"comment_status":"closed","ping_status":"closed","template":"","meta":{"footnotes":""},"class_list":["post-15766","page","type-page","status-publish","hentry"],"_links":{"self":[{"href":"https:\/\/savealife.at\/en\/wp-json\/wp\/v2\/pages\/15766","targetHints":{"allow":["GET"]}}],"collection":[{"href":"https:\/\/savealife.at\/en\/wp-json\/wp\/v2\/pages"}],"about":[{"href":"https:\/\/savealife.at\/en\/wp-json\/wp\/v2\/types\/page"}],"author":[{"embeddable":true,"href":"https:\/\/savealife.at\/en\/wp-json\/wp\/v2\/users\/1"}],"replies":[{"embeddable":true,"href":"https:\/\/savealife.at\/en\/wp-json\/wp\/v2\/comments?post=15766"}],"version-history":[{"count":2,"href":"https:\/\/savealife.at\/en\/wp-json\/wp\/v2\/pages\/15766\/revisions"}],"predecessor-version":[{"id":15768,"href":"https:\/\/savealife.at\/en\/wp-json\/wp\/v2\/pages\/15766\/revisions\/15768"}],"wp:attachment":[{"href":"https:\/\/savealife.at\/en\/wp-json\/wp\/v2\/media?parent=15766"}],"curies":[{"name":"wp","href":"https:\/\/api.w.org\/{rel}","templated":true}]}}