{"id":16104,"date":"2022-01-25T19:38:49","date_gmt":"2022-01-25T18:38:49","guid":{"rendered":"https:\/\/mark.ifdt.at\/produkt\/mark-descent\/"},"modified":"2026-04-15T10:14:29","modified_gmt":"2026-04-15T09:14:29","slug":"mark-descent","status":"publish","type":"product","link":"https:\/\/savealife.at\/en\/product\/mark-descent\/","title":{"rendered":"MARK Descent"},"content":{"rendered":"<div id='av_section_1'  class='avia-section av-1cgoysq-78e9938e2b0bc17213f8c3f808b62dc2 main_color avia-section-default avia-no-border-styling  avia-builder-el-0  el_before_av_section  avia-builder-el-first  avia-bg-style-scroll container_wrap sidebar_right'  ><div class='container av-section-cont-open' ><main  role=\"main\" itemprop=\"mainContentOfPage\"  class='template-page content  av-content-small alpha units'><div class='post-entry post-entry-type-page post-entry-16104'><div class='entry-content-wrapper clearfix'>\n<div class='flex_column av-1xrh4sq-4091d4c5d73b51055f1c4dba120de218 av_one_third  avia-builder-el-1  el_before_av_two_third  avia-builder-el-first  first flex_column_div '     ><\/div><div class='flex_column av-19ablhm-999e640dd97c7ee57a5b4a25f821885f av_two_third  avia-builder-el-3  el_after_av_one_third  avia-builder-el-last  flex_column_div '     ><p>\n<style type=\"text\/css\" data-created_by=\"avia_inline_auto\" id=\"style-css-av-kyvdw6ta-bf502d569dabd269f25c896db66b5353\">\n#top .av-special-heading.av-kyvdw6ta-bf502d569dabd269f25c896db66b5353{\npadding-bottom:10px;\n}\nbody .av-special-heading.av-kyvdw6ta-bf502d569dabd269f25c896db66b5353 .av-special-heading-tag .heading-char{\nfont-size:25px;\n}\n.av-special-heading.av-kyvdw6ta-bf502d569dabd269f25c896db66b5353 .av-subheading{\nfont-size:15px;\n}\n<\/style>\n<div  class='av-special-heading av-kyvdw6ta-bf502d569dabd269f25c896db66b5353 av-special-heading-h1 blockquote modern-quote  avia-builder-el-4  el_before_av_hr  avia-builder-el-first '><h1 class='av-special-heading-tag'  itemprop=\"headline\"  >MARK Descent<\/h1><div class='av-subheading av-subheading_below'><p>Descender device with increased speed for rope courses up to 150kg \/ 1 person<\/p>\n<\/div><div class=\"special-heading-border\"><div class=\"special-heading-inner-border\"><\/div><\/div><\/div><br \/>\n<div  class='hr av-kyvdwelg-38d54c4f9849e5728c04533df3e92833 hr-short  avia-builder-el-5  el_after_av_heading  el_before_av_textblock  hr-left'><span class='hr-inner '><span class=\"hr-inner-style\"><\/span><\/span><\/div><br \/>\n<section  class='av_textblock_section av-kyvbszf3-e1c100a38df865832cfd68575b64d8e5'  itemscope=\"itemscope\" itemtype=\"https:\/\/schema.org\/CreativeWork\" ><div class='avia_textblock'  itemprop=\"text\" ><p><span style=\"color: #e82835;\">KEY FACTS<\/span><\/p>\n<ul>\n<li>automatic, redundant brake system with 2 fly wheel brakes, brake drums made of steel<\/li>\n<li>The device is perfect for an exit point at high ropes courses, as it works equally in both directions (shuttle system).<\/li>\n<li>We guarantee a maintenance-free run up to<br \/>\n5,000m (150kg) and 10,000m at (75kg)<\/li>\n<li>optional: weather protection cover<\/li>\n<\/ul>\n<p><span style=\"color: #e82835;\">GOOD TO KNOW<br \/>\n<\/span><\/p>\n<ul>\n<li>for varying descent heights, MARK Descent is available in combination with the KONG Duck rope clamp<\/li>\n<\/ul>\n<\/div><\/section><br \/>\n<div  class='tabcontainer av-l3wm7kaz-5493d7bb2476674fb0cdc66252a18f1a top_tab  avia-builder-el-7  el_after_av_textblock  avia-builder-el-last ' role='tablist'>\n<section class='av_tab_section av_tab_section av-av_tab-f648ec00b1cea44cc706269c32de7f8c'  itemscope=\"itemscope\" itemtype=\"https:\/\/schema.org\/CreativeWork\" ><div class='tab active_tab' role='tab' tabindex='0' data-fake-id='#technische-daten' aria-controls='technische-daten-content'  itemprop=\"headline\" >Specifications<\/div><div id='technische-daten-content' class='tab_content active_tab_content' aria-hidden=\"false\"><div class='tab_inner_content invers-color'  itemprop=\"text\" ><div class='av-woo-product-info av-av_product_info-3cd9da5fea0ef5fb27aee617571c39a3  avia-builder-el-8  avia-builder-el-no-sibling '><table class=\"woocommerce-product-attributes shop_attributes\" aria-label=\"Product Details\">\n\t\t\t<tr class=\"woocommerce-product-attributes-item woocommerce-product-attributes-item--attribute_pa_standard\">\n\t\t\t<th class=\"woocommerce-product-attributes-item__label\" scope=\"row\">Standard<\/th>\n\t\t\t<td class=\"woocommerce-product-attributes-item__value\"><p>ANSI Z359.4:2013, EN 341:2011-1A<\/p>\n<\/td>\n\t\t<\/tr>\n\t\t\t<tr class=\"woocommerce-product-attributes-item woocommerce-product-attributes-item--attribute_pa_belastbarkeit\">\n\t\t\t<th class=\"woocommerce-product-attributes-item__label\" scope=\"row\">Capacity<\/th>\n\t\t\t<td class=\"woocommerce-product-attributes-item__value\"><p>150 kg (1 person)<\/p>\n<\/td>\n\t\t<\/tr>\n\t\t\t<tr class=\"woocommerce-product-attributes-item woocommerce-product-attributes-item--attribute_pa_abseilgeschwindigkeit\">\n\t\t\t<th class=\"woocommerce-product-attributes-item__label\" scope=\"row\">Descent speed<\/th>\n\t\t\t<td class=\"woocommerce-product-attributes-item__value\"><p>approx. 1 m\/s (regardless of the load)<\/p>\n<\/td>\n\t\t<\/tr>\n\t\t\t<tr class=\"woocommerce-product-attributes-item woocommerce-product-attributes-item--attribute_pa_max-abseilhoehe\">\n\t\t\t<th class=\"woocommerce-product-attributes-item__label\" scope=\"row\">Max. abseiling height<\/th>\n\t\t\t<td class=\"woocommerce-product-attributes-item__value\"><p>300 m<\/p>\n<\/td>\n\t\t<\/tr>\n\t\t\t<tr class=\"woocommerce-product-attributes-item woocommerce-product-attributes-item--attribute_pa_material\">\n\t\t\t<th class=\"woocommerce-product-attributes-item__label\" scope=\"row\">Material<\/th>\n\t\t\t<td class=\"woocommerce-product-attributes-item__value\"><p>Aluminium, Steel<\/p>\n<\/td>\n\t\t<\/tr>\n\t\t\t<tr class=\"woocommerce-product-attributes-item woocommerce-product-attributes-item--attribute_pa_bremssystem\">\n\t\t\t<th class=\"woocommerce-product-attributes-item__label\" scope=\"row\">Braking system<\/th>\n\t\t\t<td class=\"woocommerce-product-attributes-item__value\"><p>automatic redundant braking system, 2 centrifugal brakes, steel brake drums<\/p>\n<\/td>\n\t\t<\/tr>\n\t\t\t<tr class=\"woocommerce-product-attributes-item woocommerce-product-attributes-item--attribute_pa_karabiner\">\n\t\t\t<th class=\"woocommerce-product-attributes-item__label\" scope=\"row\">Carabiner<\/th>\n\t\t\t<td class=\"woocommerce-product-attributes-item__value\"><p>Automatic AHK aluminium carabiner (others on request)<\/p>\n<\/td>\n\t\t<\/tr>\n\t\t\t<tr class=\"woocommerce-product-attributes-item woocommerce-product-attributes-item--attribute_pa_seil\">\n\t\t\t<th class=\"woocommerce-product-attributes-item__label\" scope=\"row\">Rope<\/th>\n\t\t\t<td class=\"woocommerce-product-attributes-item__value\"><p>MARK kernmantle rope \u00f8 9,6mm according to EN 1891-A (EN 341, EN 1496, ANSI Z359.4)<\/p>\n<\/td>\n\t\t<\/tr>\n\t\t\t<tr class=\"woocommerce-product-attributes-item woocommerce-product-attributes-item--attribute_pa_pruefintervall\">\n\t\t\t<th class=\"woocommerce-product-attributes-item__label\" scope=\"row\">Inspection inverval<\/th>\n\t\t\t<td class=\"woocommerce-product-attributes-item__value\"><p>10,000 m or 1x per year (when stored in MARK Infini Box the inspection is only required every 10 years)<\/p>\n<\/td>\n\t\t<\/tr>\n\t\t\t<tr class=\"woocommerce-product-attributes-item woocommerce-product-attributes-item--attribute_pa_verwendungsdauer\">\n\t\t\t<th class=\"woocommerce-product-attributes-item__label\" scope=\"row\">Duration of use<\/th>\n\t\t\t<td class=\"woocommerce-product-attributes-item__value\"><p>Device unlimited, rope max. 10 years<\/p>\n<\/td>\n\t\t<\/tr>\n\t<\/table>\n<\/div>\n<\/div><\/div><\/section>\n<section class='av_tab_section av_tab_section av-l3wm7jxu-2ad3ade8227fb1f1366c058c8b3ee171'  itemscope=\"itemscope\" itemtype=\"https:\/\/schema.org\/CreativeWork\" ><div class='tab' role='tab' tabindex='0' data-fake-id='#gebrauchsanleitung' aria-controls='gebrauchsanleitung-content'  itemprop=\"headline\" >Instructions for use<\/div><div id='gebrauchsanleitung-content' class='tab_content' aria-hidden=\"true\"><div class='tab_inner_content invers-color'  itemprop=\"text\" ><a class=\"download-link\" title=\"\" href=\"https:\/\/savealife.at\/en\/download\/16746\/?tmstv=1777217764\" rel=\"nofollow\" style=\"font-family: Mulish, Arial, Helvetica, sans-serif\">\n\tInstructions for use MARK Descent (309.32 KB)\n<\/a>\n<\/div><\/div><\/section>\n<section class='av_tab_section av_tab_section av-l5aun0tp-e3780e52e770dbd08e2c2a1ca38c99bb'  itemscope=\"itemscope\" itemtype=\"https:\/\/schema.org\/CreativeWork\" ><div class='tab' role='tab' tabindex='0' data-fake-id='#tab-id-1' aria-controls='tab-id-1-content'  itemprop=\"headline\" >Datasheet<\/div><div id='tab-id-1-content' class='tab_content' aria-hidden=\"true\"><div class='tab_inner_content invers-color'  itemprop=\"text\" ><a class=\"download-link\" title=\"\" href=\"https:\/\/savealife.at\/en\/download\/16076\/?tmstv=1777217764\" rel=\"nofollow\" style=\"font-family: Mulish, Arial, Helvetica, sans-serif\">\n\tMARK Descent (336.38 KB)\n<\/a>\n<\/div><\/div><\/section>\n<\/div><\/p><\/div><\/div><\/div><\/main><!-- close content main element --><\/div><\/div><div id='av_section_2'  class='avia-section av-u90aa2-ea1de2e76caa1760f5d3d81c26a6830d main_color avia-section-default avia-no-border-styling  avia-builder-el-9  el_after_av_section  avia-builder-el-last  avia-bg-style-scroll container_wrap sidebar_right'  ><div class='container av-section-cont-open' ><div class='template-page content  av-content-small alpha units'><div class='post-entry post-entry-type-page post-entry-16104'><div class='entry-content-wrapper clearfix'>\n<div class='flex_column av-183ko96-551b78560a5b4463e1991823e10c1cf0 av_one_full  avia-builder-el-10  avia-builder-el-no-sibling  first flex_column_div '     ><div  class='av-woo-product-related-upsells av-ilkelm-970b171327739a7748baab1c9dd54771  avia-builder-el-11  avia-builder-el-no-sibling '><div class='product_column product_column_4'>\n\t<section class=\"related products\">\n\n\t\t\t\t\t<h2>Related products<\/h2>\n\t\t\t\t<ul class=\"products columns-4\">\n\n\t\t\t\n\t\t\t\t\t<li class=\"product type-product post-16493 status-publish first instock product_cat-self-rescue has-post-thumbnail shipping-taxable product-type-simple\">\n\t<div class='inner_product main_color wrapped_style noLightbox  av-product-class-minimal-overlay'><a href=\"https:\/\/savealife.at\/en\/product\/mark-grizzly\/\" class=\"woocommerce-LoopProduct-link woocommerce-loop-product__link\"><div class=\"thumbnail_container\"><img loading=\"lazy\" decoding=\"async\" width=\"300\" height=\"300\" src=\"https:\/\/savealife.at\/wp-content\/uploads\/MARK-Grizzly-1-300x300.jpg\" class=\"wp-image-14943 avia-img-lazy-loading-14943 attachment-shop_catalog size-shop_catalog wp-post-image\" alt=\"\" srcset=\"https:\/\/savealife.at\/wp-content\/uploads\/MARK-Grizzly-1-300x300.jpg 300w, https:\/\/savealife.at\/wp-content\/uploads\/MARK-Grizzly-1-100x100.jpg 100w, https:\/\/savealife.at\/wp-content\/uploads\/MARK-Grizzly-1-600x600.jpg 600w, https:\/\/savealife.at\/wp-content\/uploads\/MARK-Grizzly-1-1030x1030.jpg 1030w, https:\/\/savealife.at\/wp-content\/uploads\/MARK-Grizzly-1-80x80.jpg 80w, https:\/\/savealife.at\/wp-content\/uploads\/MARK-Grizzly-1-768x768.jpg 768w, https:\/\/savealife.at\/wp-content\/uploads\/MARK-Grizzly-1-36x36.jpg 36w, https:\/\/savealife.at\/wp-content\/uploads\/MARK-Grizzly-1-180x180.jpg 180w, https:\/\/savealife.at\/wp-content\/uploads\/MARK-Grizzly-1-705x705.jpg 705w, https:\/\/savealife.at\/wp-content\/uploads\/MARK-Grizzly-1.jpg 1200w\" sizes=\"auto, (max-width: 300px) 100vw, 300px\" \/><span class=\"cart-loading\"><\/span><\/div><div class='inner_product_header'><div class='avia-arrow'><\/div><div class='inner_product_header_table'><div class='inner_product_header_cell'><h2 class=\"woocommerce-loop-product__title\">MARK Grizzly<\/h2>\n<\/div><\/div><\/div><\/a><\/div><\/li>\n\n\t\t\t\n\t\t\t\t\t<li class=\"product type-product post-16484 status-publish instock product_cat-self-rescue product_cat-arbeitssicherheit-rettung-en has-post-thumbnail shipping-taxable product-type-simple\">\n\t<div class='inner_product main_color wrapped_style noLightbox  av-product-class-minimal-overlay'><a href=\"https:\/\/savealife.at\/en\/product\/mark-kitbag\/\" class=\"woocommerce-LoopProduct-link woocommerce-loop-product__link\"><div class=\"thumbnail_container\"><img loading=\"lazy\" decoding=\"async\" width=\"375\" height=\"450\" src=\"https:\/\/savealife.at\/wp-content\/uploads\/MARK-Kit-Bag_freigestellt-375x450.png\" class=\"wp-image-18223 avia-img-lazy-loading-18223 attachment-shop_catalog size-shop_catalog wp-post-image\" alt=\"\" \/><span class=\"cart-loading\"><\/span><\/div><div class='inner_product_header'><div class='avia-arrow'><\/div><div class='inner_product_header_table'><div class='inner_product_header_cell'><h2 class=\"woocommerce-loop-product__title\">MARK KitBag<\/h2>\n<\/div><\/div><\/div><\/a><\/div><\/li>\n\n\t\t\t\n\t\t\t\t\t<li class=\"product type-product post-16475 status-publish instock product_cat-bestsellers product_cat-arbeitssicherheit-rettung-en product_tag-descender product_tag-lifting-function-en has-post-thumbnail featured shipping-taxable product-type-simple\">\n\t<div class='inner_product main_color wrapped_style noLightbox  av-product-class-minimal-overlay'><a href=\"https:\/\/savealife.at\/en\/product\/mark-robin-hub\/\" class=\"woocommerce-LoopProduct-link woocommerce-loop-product__link\"><div class=\"thumbnail_container\"><img loading=\"lazy\" decoding=\"async\" width=\"300\" height=\"300\" src=\"https:\/\/savealife.at\/wp-content\/uploads\/MARK-Robin-Hub_Etikett-Web-300x300.jpg\" class=\"wp-image-15211 avia-img-lazy-loading-15211 attachment-shop_catalog size-shop_catalog wp-post-image\" alt=\"\" srcset=\"https:\/\/savealife.at\/wp-content\/uploads\/MARK-Robin-Hub_Etikett-Web-300x300.jpg 300w, https:\/\/savealife.at\/wp-content\/uploads\/MARK-Robin-Hub_Etikett-Web-100x100.jpg 100w, https:\/\/savealife.at\/wp-content\/uploads\/MARK-Robin-Hub_Etikett-Web-80x80.jpg 80w, https:\/\/savealife.at\/wp-content\/uploads\/MARK-Robin-Hub_Etikett-Web-36x36.jpg 36w, https:\/\/savealife.at\/wp-content\/uploads\/MARK-Robin-Hub_Etikett-Web-180x180.jpg 180w\" sizes=\"auto, (max-width: 300px) 100vw, 300px\" \/><span class=\"cart-loading\"><\/span><\/div><div class='inner_product_header'><div class='avia-arrow'><\/div><div class='inner_product_header_table'><div class='inner_product_header_cell'><h2 class=\"woocommerce-loop-product__title\">MARK Robin Hub<\/h2>\n<\/div><\/div><\/div><\/a><\/div><\/li>\n\n\t\t\t\n\t\t\t\t\t<li class=\"product type-product post-16489 status-publish last instock product_cat-self-rescue product_cat-arbeitssicherheit-rettung-en has-post-thumbnail shipping-taxable product-type-simple\">\n\t<div class='inner_product main_color wrapped_style noLightbox  av-product-class-minimal-overlay'><a href=\"https:\/\/savealife.at\/en\/product\/mark-gekko-speed\/\" class=\"woocommerce-LoopProduct-link woocommerce-loop-product__link\"><div class=\"thumbnail_container\"><img loading=\"lazy\" decoding=\"async\" width=\"300\" height=\"300\" src=\"https:\/\/savealife.at\/wp-content\/uploads\/MARK-Gekko-Speed-1-300x300.jpg\" class=\"wp-image-15029 avia-img-lazy-loading-15029 attachment-shop_catalog size-shop_catalog wp-post-image\" alt=\"\" srcset=\"https:\/\/savealife.at\/wp-content\/uploads\/MARK-Gekko-Speed-1-300x300.jpg 300w, https:\/\/savealife.at\/wp-content\/uploads\/MARK-Gekko-Speed-1-100x100.jpg 100w, https:\/\/savealife.at\/wp-content\/uploads\/MARK-Gekko-Speed-1-600x600.jpg 600w, https:\/\/savealife.at\/wp-content\/uploads\/MARK-Gekko-Speed-1-1030x1030.jpg 1030w, https:\/\/savealife.at\/wp-content\/uploads\/MARK-Gekko-Speed-1-80x80.jpg 80w, https:\/\/savealife.at\/wp-content\/uploads\/MARK-Gekko-Speed-1-768x768.jpg 768w, https:\/\/savealife.at\/wp-content\/uploads\/MARK-Gekko-Speed-1-36x36.jpg 36w, https:\/\/savealife.at\/wp-content\/uploads\/MARK-Gekko-Speed-1-180x180.jpg 180w, https:\/\/savealife.at\/wp-content\/uploads\/MARK-Gekko-Speed-1-705x705.jpg 705w, https:\/\/savealife.at\/wp-content\/uploads\/MARK-Gekko-Speed-1.jpg 1200w\" sizes=\"auto, (max-width: 300px) 100vw, 300px\" \/><span class=\"cart-loading\"><\/span><\/div><div class='inner_product_header'><div class='avia-arrow'><\/div><div class='inner_product_header_table'><div class='inner_product_header_cell'><h2 class=\"woocommerce-loop-product__title\">MARK Gekko Speed<\/h2>\n<\/div><\/div><\/div><\/a><\/div><\/li>\n\n\t\t\t\n\t\t<\/ul>\n\n\t<\/section>\n\t<\/div><\/div><\/div>\n<\/div><\/div><\/div><!-- close content main div --><\/div><\/div><div id='after_section_2'  class='main_color av_default_container_wrap container_wrap sidebar_right'  ><div class='container av-section-cont-open' ><div class='template-page content  av-content-small alpha units'><div class='post-entry post-entry-type-page post-entry-16104'><div class='entry-content-wrapper clearfix'><\/p>\n","protected":false},"excerpt":{"rendered":"<h4>Abseilger\u00e4t mit erh\u00f6hter Geschwindigkeit z.B. f\u00fcr Hochseilg\u00e4rten bis zu 150kg \/ 1 Person<\/h4>\n<p>[fusion_separator style_type=&#8221;single solid&#8221; hide_on_mobile=&#8221;small-visibility,medium-visibility,large-visibility&#8221; class=&#8221;&#8221; id=&#8221;&#8221; sep_color=&#8221;#f44336&#8243; top_margin=&#8221;&#8221; bottom_margin=&#8221;50px&#8221; border_size=&#8221;&#8221; icon=&#8221;&#8221; icon_circle=&#8221;&#8221; icon_circle_color=&#8221;&#8221; width=&#8221;300&#8243; alignment=&#8221;left&#8221;][\/fusion_separator]<br \/>\n<span style=\"color: #e82835;\">MERKMALE<\/span><\/p>\n<ul>\n<li>automatisches, redundantes Bremssystem mit 2 Fliehkraftbremsen, Bremsgeometrie an Abseilgeschwindigkeit angepasst<\/li>\n<li>Das Ger\u00e4t ist perfekt f\u00fcr einen Ausstiegspunkt bei Hochseilg\u00e4rten geeignet, da es in beide Richtungen<br \/>\ngleicherma\u00dfen funktioniert (Pendelverkehr).<\/li>\n<li>Wir garantieren einen wartungsfreien Lauf bis 5.000m (150kg) und 10.000m bei (75kg).<\/li>\n<li>optional mit Wetterschutzhaube<\/li>\n<\/ul>\n<p><span style=\"color: #e82835;\">GUT ZU WISSEN<\/span><\/p>\n<ul>\n<li>Bei unterschiedlichen Abseilh\u00f6hen kann der MARK Desecnt mit dem Seilk\u00fcrzer KONG Duck ausgestattet werden.<\/li>\n<\/ul>\n","protected":false},"featured_media":15229,"comment_status":"closed","ping_status":"closed","template":"","meta":[],"product_brand":[],"product_cat":[133,132],"product_tag":[134],"class_list":{"0":"post-16104","1":"product","2":"type-product","3":"status-publish","4":"has-post-thumbnail","6":"product_cat-self-rescue","7":"product_cat-arbeitssicherheit-rettung-en","8":"product_tag-descender","10":"first","11":"instock","12":"featured","13":"shipping-taxable","14":"product-type-simple"},"_links":{"self":[{"href":"https:\/\/savealife.at\/en\/wp-json\/wp\/v2\/product\/16104","targetHints":{"allow":["GET"]}}],"collection":[{"href":"https:\/\/savealife.at\/en\/wp-json\/wp\/v2\/product"}],"about":[{"href":"https:\/\/savealife.at\/en\/wp-json\/wp\/v2\/types\/product"}],"replies":[{"embeddable":true,"href":"https:\/\/savealife.at\/en\/wp-json\/wp\/v2\/comments?post=16104"}],"wp:featuredmedia":[{"embeddable":true,"href":"https:\/\/savealife.at\/en\/wp-json\/wp\/v2\/media\/15229"}],"wp:attachment":[{"href":"https:\/\/savealife.at\/en\/wp-json\/wp\/v2\/media?parent=16104"}],"wp:term":[{"taxonomy":"product_brand","embeddable":true,"href":"https:\/\/savealife.at\/en\/wp-json\/wp\/v2\/product_brand?post=16104"},{"taxonomy":"product_cat","embeddable":true,"href":"https:\/\/savealife.at\/en\/wp-json\/wp\/v2\/product_cat?post=16104"},{"taxonomy":"product_tag","embeddable":true,"href":"https:\/\/savealife.at\/en\/wp-json\/wp\/v2\/product_tag?post=16104"}],"curies":[{"name":"wp","href":"https:\/\/api.w.org\/{rel}","templated":true}]}}