{"id":16463,"date":"2022-01-25T19:38:49","date_gmt":"2022-01-25T19:38:49","guid":{"rendered":"https:\/\/mark-users2.ifdt.at\/produkt\/mark-allstar\/"},"modified":"2026-04-15T10:16:36","modified_gmt":"2026-04-15T09:16:36","slug":"mark-allstar","status":"publish","type":"product","link":"https:\/\/savealife.at\/en\/product\/mark-allstar\/","title":{"rendered":"MARK Allstar"},"content":{"rendered":"<div id='av_section_1'  class='avia-section av-av_section-2dcb3d115e2e5af9a73072e0505910f8 main_color avia-section-default avia-no-border-styling  avia-builder-el-0  el_before_av_section  avia-builder-el-first  avia-bg-style-scroll container_wrap sidebar_right'  ><div class='container av-section-cont-open' ><main  role=\"main\" itemprop=\"mainContentOfPage\"  class='template-page content  av-content-small alpha units'><div class='post-entry post-entry-type-page post-entry-16463'><div class='entry-content-wrapper clearfix'>\n<div class='flex_column av-av_one_third-a93934ecd89fbb8a9566d39e89cd3725 av_one_third  avia-builder-el-1  el_before_av_two_third  avia-builder-el-first  first flex_column_div '     ><\/div><div class='flex_column av-av_two_third-d06667205e6186ec8414c6eb7605d406 av_two_third  avia-builder-el-3  el_after_av_one_third  avia-builder-el-last  flex_column_div '     ><p>\n<style type=\"text\/css\" data-created_by=\"avia_inline_auto\" id=\"style-css-av-l488r2kj-7002b8255d39626da5f6300a47b343bb\">\n#top .av-special-heading.av-l488r2kj-7002b8255d39626da5f6300a47b343bb{\npadding-bottom:10px;\n}\nbody .av-special-heading.av-l488r2kj-7002b8255d39626da5f6300a47b343bb .av-special-heading-tag .heading-char{\nfont-size:25px;\n}\n.av-special-heading.av-l488r2kj-7002b8255d39626da5f6300a47b343bb .av-subheading{\nfont-size:15px;\n}\n<\/style>\n<div  class='av-special-heading av-l488r2kj-7002b8255d39626da5f6300a47b343bb av-special-heading-h1 blockquote modern-quote  avia-builder-el-4  el_before_av_hr  avia-builder-el-first '><h1 class='av-special-heading-tag'  itemprop=\"headline\"  >MARK Allstar<\/h1><div class='av-subheading av-subheading_below'><p>Descender and rescue device with the highest load capacity<\/p>\n<\/div><div class=\"special-heading-border\"><div class=\"special-heading-inner-border\"><\/div><\/div><\/div><br \/>\n<div  class='hr av-av_hr-908fa64ead63f91ddbe2b966ff2615e5 hr-short  avia-builder-el-5  el_after_av_heading  el_before_av_textblock  hr-left'><span class='hr-inner '><span class=\"hr-inner-style\"><\/span><\/span><\/div><br \/>\n<section  class='av_textblock_section av-l488rl34-3c6d8fda745e216d30a1f039916aa808'  itemscope=\"itemscope\" itemtype=\"https:\/\/schema.org\/CreativeWork\" ><div class='avia_textblock'  itemprop=\"text\" ><p><span style=\"color: #e82835;\">KEY FACTS<\/span><\/p>\n<ul>\n<li>&#8220;All in One Solution&#8221;<\/li>\n<li>descender and rescue device with the highest load capacity<\/li>\n<li>connector for battery screw driver<\/li>\n<li>shuttle system and tandem<\/li>\n<li>inspection is required every 10 years only when stored in MARK Vacuum<\/li>\n<\/ul>\n<p><span style=\"color: #e82835;\">GOOD TO KNOW<\/span><\/p>\n<ul>\n<li>different handwheels available (with spoke, closed, foldable handle)<\/li>\n<li>hexagon connector for battery screw driver as standard<\/li>\n<li>for varying descent heights, MARK Allstar is available in combination with the KONG Duck rope clamp<\/li>\n<\/ul>\n<\/div><\/section><br \/>\n<div  class='tabcontainer av-l488s53c-0c118a9403847e77684e5a5cddd42947 top_tab  avia-builder-el-7  el_after_av_textblock  avia-builder-el-last ' role='tablist'>\n<section class='av_tab_section av_tab_section av-l5axpkfi-8d3c0ba6a8e0b669f105c36cb2a66bbe'  itemscope=\"itemscope\" itemtype=\"https:\/\/schema.org\/CreativeWork\" ><div class='tab active_tab' role='tab' tabindex='0' data-fake-id='#technische-daten' aria-controls='technische-daten-content'  itemprop=\"headline\" >Specifications<\/div><div id='technische-daten-content' class='tab_content active_tab_content' aria-hidden=\"false\"><div class='tab_inner_content invers-color'  itemprop=\"text\" ><div class='av-woo-product-info av-av_product_info-3cd9da5fea0ef5fb27aee617571c39a3  avia-builder-el-8  avia-builder-el-no-sibling '><table class=\"woocommerce-product-attributes shop_attributes\" aria-label=\"Product Details\">\n\t\t\t<tr class=\"woocommerce-product-attributes-item woocommerce-product-attributes-item--attribute_pa_standard\">\n\t\t\t<th class=\"woocommerce-product-attributes-item__label\" scope=\"row\">Standard<\/th>\n\t\t\t<td class=\"woocommerce-product-attributes-item__value\"><p>ANSI Z359.4:2013, EN 12841 Type C, EN 1496:2017-B, EN 341:2011-1A<\/p>\n<\/td>\n\t\t<\/tr>\n\t\t\t<tr class=\"woocommerce-product-attributes-item woocommerce-product-attributes-item--attribute_pa_belastbarkeit\">\n\t\t\t<th class=\"woocommerce-product-attributes-item__label\" scope=\"row\">Capacity<\/th>\n\t\t\t<td class=\"woocommerce-product-attributes-item__value\"><p>225kg (7x500m) 2 persons, 300kg (1x 500m) 3 persons<\/p>\n<\/td>\n\t\t<\/tr>\n\t\t\t<tr class=\"woocommerce-product-attributes-item woocommerce-product-attributes-item--attribute_pa_abseilgeschwindigkeit\">\n\t\t\t<th class=\"woocommerce-product-attributes-item__label\" scope=\"row\">Descent speed<\/th>\n\t\t\t<td class=\"woocommerce-product-attributes-item__value\"><p>approx. 1 m\/s (regardless of the load)<\/p>\n<\/td>\n\t\t<\/tr>\n\t\t\t<tr class=\"woocommerce-product-attributes-item woocommerce-product-attributes-item--attribute_pa_material\">\n\t\t\t<th class=\"woocommerce-product-attributes-item__label\" scope=\"row\">Material<\/th>\n\t\t\t<td class=\"woocommerce-product-attributes-item__value\"><p>Aluminium, Steel<\/p>\n<\/td>\n\t\t<\/tr>\n\t\t\t<tr class=\"woocommerce-product-attributes-item woocommerce-product-attributes-item--attribute_pa_bremssystem\">\n\t\t\t<th class=\"woocommerce-product-attributes-item__label\" scope=\"row\">Braking system<\/th>\n\t\t\t<td class=\"woocommerce-product-attributes-item__value\"><p>automatic redundant braking system, 2 centrifugal brakes, steel brake drums<\/p>\n<\/td>\n\t\t<\/tr>\n\t\t\t<tr class=\"woocommerce-product-attributes-item woocommerce-product-attributes-item--attribute_pa_karabiner\">\n\t\t\t<th class=\"woocommerce-product-attributes-item__label\" scope=\"row\">Carabiner<\/th>\n\t\t\t<td class=\"woocommerce-product-attributes-item__value\"><p>Steel carabiner (triple-lock carabiner) with eye<\/p>\n<\/td>\n\t\t<\/tr>\n\t\t\t<tr class=\"woocommerce-product-attributes-item woocommerce-product-attributes-item--attribute_pa_seil\">\n\t\t\t<th class=\"woocommerce-product-attributes-item__label\" scope=\"row\">Rope<\/th>\n\t\t\t<td class=\"woocommerce-product-attributes-item__value\"><p>MARK kernmantle rope \u00f8 10,5mm according to EN 1891-A (EN 341, EN 1496, ANSI Z359.4), Rope \u00f8 9,6mm to \u00f8 11mm according to EN 1891-A (EN 12841)<\/p>\n<\/td>\n\t\t<\/tr>\n\t\t\t<tr class=\"woocommerce-product-attributes-item woocommerce-product-attributes-item--attribute_pa_pruefintervall\">\n\t\t\t<th class=\"woocommerce-product-attributes-item__label\" scope=\"row\">Inspection inverval<\/th>\n\t\t\t<td class=\"woocommerce-product-attributes-item__value\"><p>10,000 m or 1x per year (when stored in MARK Infini Box the inspection is only required every 10 years)<\/p>\n<\/td>\n\t\t<\/tr>\n\t\t\t<tr class=\"woocommerce-product-attributes-item woocommerce-product-attributes-item--attribute_pa_verwendungsdauer\">\n\t\t\t<th class=\"woocommerce-product-attributes-item__label\" scope=\"row\">Duration of use<\/th>\n\t\t\t<td class=\"woocommerce-product-attributes-item__value\"><p>Device unlimited, rope max. 10 years<\/p>\n<\/td>\n\t\t<\/tr>\n\t<\/table>\n<\/div>\n<\/div><\/div><\/section>\n<section class='av_tab_section av_tab_section av-l5axxk85-8fd4e30fb8d4d1c86447a2acd3b7dc0e'  itemscope=\"itemscope\" itemtype=\"https:\/\/schema.org\/CreativeWork\" ><div class='tab' role='tab' tabindex='0' data-fake-id='#tab-id-1' aria-controls='tab-id-1-content'  itemprop=\"headline\" >Instructions for use<\/div><div id='tab-id-1-content' class='tab_content' aria-hidden=\"true\"><div class='tab_inner_content invers-color'  itemprop=\"text\" ><a class=\"download-link\" title=\"\" href=\"https:\/\/savealife.at\/en\/download\/16779\/?tmstv=1776774537\" rel=\"nofollow\" style=\"font-family: Mulish, Arial, Helvetica, sans-serif\">\n\tInstructions for use MARK Allstar (573.16 KB)\n<\/a>\n<\/div><\/div><\/section>\n<section class='av_tab_section av_tab_section av-l5axmsny-d06bbb853f90e63ab260c41babe07a0a'  itemscope=\"itemscope\" itemtype=\"https:\/\/schema.org\/CreativeWork\" ><div class='tab' role='tab' tabindex='0' data-fake-id='#tab-id-2' aria-controls='tab-id-2-content'  itemprop=\"headline\" >Datasheet<\/div><div id='tab-id-2-content' class='tab_content' aria-hidden=\"true\"><div class='tab_inner_content invers-color'  itemprop=\"text\" ><a class=\"download-link\" title=\"\" href=\"https:\/\/savealife.at\/en\/download\/16071\/?tmstv=1776774537\" rel=\"nofollow\" style=\"font-family: Mulish, Arial, Helvetica, sans-serif\">\n\tMARK Allstar (410.74 KB)\n<\/a>\n<\/div><\/div><\/section>\n<\/div><\/p><\/div><\/div><\/div><\/main><!-- close content main element --><\/div><\/div><div id='av_section_2'  class='avia-section av-av_section-2dcb3d115e2e5af9a73072e0505910f8 main_color avia-section-default avia-no-border-styling  avia-builder-el-9  el_after_av_section  avia-builder-el-last  avia-bg-style-scroll container_wrap sidebar_right'  ><div class='container av-section-cont-open' ><div class='template-page content  av-content-small alpha units'><div class='post-entry post-entry-type-page post-entry-16463'><div class='entry-content-wrapper clearfix'>\n<div class='flex_column av-av_one_full-a93934ecd89fbb8a9566d39e89cd3725 av_one_full  avia-builder-el-10  avia-builder-el-no-sibling  first flex_column_div '     ><div  class='av-woo-product-related-upsells av-av_product_upsells-b49c1ac0f8de4e757e3641bb798c2b0c  avia-builder-el-11  avia-builder-el-no-sibling '><div class='product_column product_column_4'>\n\t<section class=\"related products\">\n\n\t\t\t\t\t<h2>Related products<\/h2>\n\t\t\t\t<ul class=\"products columns-4\">\n\n\t\t\t\n\t\t\t\t\t<li class=\"product type-product post-16484 status-publish first instock product_cat-self-rescue product_cat-arbeitssicherheit-rettung-en has-post-thumbnail shipping-taxable product-type-simple\">\n\t<div class='inner_product main_color wrapped_style noLightbox  av-product-class-minimal-overlay'><a href=\"https:\/\/savealife.at\/en\/product\/mark-kitbag\/\" class=\"woocommerce-LoopProduct-link woocommerce-loop-product__link\"><div class=\"thumbnail_container\"><img loading=\"lazy\" decoding=\"async\" width=\"375\" height=\"450\" src=\"https:\/\/savealife.at\/wp-content\/uploads\/MARK-Kit-Bag_freigestellt-375x450.png\" class=\"wp-image-18223 avia-img-lazy-loading-18223 attachment-shop_catalog size-shop_catalog wp-post-image\" alt=\"\" \/><span class=\"cart-loading\"><\/span><\/div><div class='inner_product_header'><div class='avia-arrow'><\/div><div class='inner_product_header_table'><div class='inner_product_header_cell'><h2 class=\"woocommerce-loop-product__title\">MARK KitBag<\/h2>\n<\/div><\/div><\/div><\/a><\/div><\/li>\n\n\t\t\t\n\t\t\t\t\t<li class=\"product type-product post-16469 status-publish instock product_cat-self-rescue product_cat-arbeitssicherheit-rettung-en product_tag-descender has-post-thumbnail shipping-taxable product-type-simple\">\n\t<div class='inner_product main_color wrapped_style noLightbox  av-product-class-minimal-overlay'><a href=\"https:\/\/savealife.at\/en\/product\/mark-robin\/\" class=\"woocommerce-LoopProduct-link woocommerce-loop-product__link\"><div class=\"thumbnail_container\"><img loading=\"lazy\" decoding=\"async\" width=\"450\" height=\"450\" src=\"https:\/\/savealife.at\/wp-content\/uploads\/MARK-Robin-450x450.jpg\" class=\"wp-image-17711 avia-img-lazy-loading-17711 attachment-shop_catalog size-shop_catalog wp-post-image\" alt=\"\" srcset=\"https:\/\/savealife.at\/wp-content\/uploads\/MARK-Robin-450x450.jpg 450w, https:\/\/savealife.at\/wp-content\/uploads\/MARK-Robin-scaled-300x300.jpg 300w, https:\/\/savealife.at\/wp-content\/uploads\/MARK-Robin-scaled-100x100.jpg 100w, https:\/\/savealife.at\/wp-content\/uploads\/MARK-Robin-80x80.jpg 80w, https:\/\/savealife.at\/wp-content\/uploads\/MARK-Robin-36x36.jpg 36w, https:\/\/savealife.at\/wp-content\/uploads\/MARK-Robin-180x180.jpg 180w, https:\/\/savealife.at\/wp-content\/uploads\/MARK-Robin-120x120.jpg 120w\" sizes=\"auto, (max-width: 450px) 100vw, 450px\" \/><span class=\"cart-loading\"><\/span><\/div><div class='inner_product_header'><div class='avia-arrow'><\/div><div class='inner_product_header_table'><div class='inner_product_header_cell'><h2 class=\"woocommerce-loop-product__title\">MARK Robin<\/h2>\n<\/div><\/div><\/div><\/a><\/div><\/li>\n\n\t\t\t\n\t\t\t\t\t<li class=\"product type-product post-16486 status-publish instock product_cat-self-rescue product_cat-arbeitssicherheit-rettung-en has-post-thumbnail shipping-taxable product-type-simple\">\n\t<div class='inner_product main_color wrapped_style noLightbox  av-product-class-minimal-overlay'><a href=\"https:\/\/savealife.at\/en\/product\/mark-gekko-vario\/\" class=\"woocommerce-LoopProduct-link woocommerce-loop-product__link\"><div class=\"thumbnail_container\"><img loading=\"lazy\" decoding=\"async\" width=\"300\" height=\"300\" src=\"https:\/\/savealife.at\/wp-content\/uploads\/MARK-Gekko-Vario-1-300x300.jpg\" class=\"wp-image-15035 avia-img-lazy-loading-15035 attachment-shop_catalog size-shop_catalog wp-post-image\" alt=\"\" srcset=\"https:\/\/savealife.at\/wp-content\/uploads\/MARK-Gekko-Vario-1-300x300.jpg 300w, https:\/\/savealife.at\/wp-content\/uploads\/MARK-Gekko-Vario-1-100x100.jpg 100w, https:\/\/savealife.at\/wp-content\/uploads\/MARK-Gekko-Vario-1-600x600.jpg 600w, https:\/\/savealife.at\/wp-content\/uploads\/MARK-Gekko-Vario-1-1030x1030.jpg 1030w, https:\/\/savealife.at\/wp-content\/uploads\/MARK-Gekko-Vario-1-80x80.jpg 80w, https:\/\/savealife.at\/wp-content\/uploads\/MARK-Gekko-Vario-1-768x768.jpg 768w, https:\/\/savealife.at\/wp-content\/uploads\/MARK-Gekko-Vario-1-36x36.jpg 36w, https:\/\/savealife.at\/wp-content\/uploads\/MARK-Gekko-Vario-1-180x180.jpg 180w, https:\/\/savealife.at\/wp-content\/uploads\/MARK-Gekko-Vario-1-705x705.jpg 705w, https:\/\/savealife.at\/wp-content\/uploads\/MARK-Gekko-Vario-1.jpg 1200w\" sizes=\"auto, (max-width: 300px) 100vw, 300px\" \/><span class=\"cart-loading\"><\/span><\/div><div class='inner_product_header'><div class='avia-arrow'><\/div><div class='inner_product_header_table'><div class='inner_product_header_cell'><h2 class=\"woocommerce-loop-product__title\">MARK Gekko Vario<\/h2>\n<\/div><\/div><\/div><\/a><\/div><\/li>\n\n\t\t\t\n\t\t\t\t\t<li class=\"product type-product post-16475 status-publish last instock product_cat-bestsellers product_cat-arbeitssicherheit-rettung-en product_tag-descender product_tag-lifting-function-en has-post-thumbnail featured shipping-taxable product-type-simple\">\n\t<div class='inner_product main_color wrapped_style noLightbox  av-product-class-minimal-overlay'><a href=\"https:\/\/savealife.at\/en\/product\/mark-robin-hub\/\" class=\"woocommerce-LoopProduct-link woocommerce-loop-product__link\"><div class=\"thumbnail_container\"><img loading=\"lazy\" decoding=\"async\" width=\"300\" height=\"300\" src=\"https:\/\/savealife.at\/wp-content\/uploads\/MARK-Robin-Hub_Etikett-Web-300x300.jpg\" class=\"wp-image-15211 avia-img-lazy-loading-15211 attachment-shop_catalog size-shop_catalog wp-post-image\" alt=\"\" srcset=\"https:\/\/savealife.at\/wp-content\/uploads\/MARK-Robin-Hub_Etikett-Web-300x300.jpg 300w, https:\/\/savealife.at\/wp-content\/uploads\/MARK-Robin-Hub_Etikett-Web-100x100.jpg 100w, https:\/\/savealife.at\/wp-content\/uploads\/MARK-Robin-Hub_Etikett-Web-80x80.jpg 80w, https:\/\/savealife.at\/wp-content\/uploads\/MARK-Robin-Hub_Etikett-Web-36x36.jpg 36w, https:\/\/savealife.at\/wp-content\/uploads\/MARK-Robin-Hub_Etikett-Web-180x180.jpg 180w\" sizes=\"auto, (max-width: 300px) 100vw, 300px\" \/><span class=\"cart-loading\"><\/span><\/div><div class='inner_product_header'><div class='avia-arrow'><\/div><div class='inner_product_header_table'><div class='inner_product_header_cell'><h2 class=\"woocommerce-loop-product__title\">MARK Robin Hub<\/h2>\n<\/div><\/div><\/div><\/a><\/div><\/li>\n\n\t\t\t\n\t\t<\/ul>\n\n\t<\/section>\n\t<\/div><\/div><\/div>\n<\/div><\/div><\/div><!-- close content main div --><\/div><\/div><div id='after_section_2'  class='main_color av_default_container_wrap container_wrap sidebar_right'  ><div class='container av-section-cont-open' ><div class='template-page content  av-content-small alpha units'><div class='post-entry post-entry-type-page post-entry-16463'><div class='entry-content-wrapper clearfix'><\/p>\n","protected":false},"excerpt":{"rendered":"","protected":false},"featured_media":16556,"comment_status":"closed","ping_status":"closed","template":"","meta":[],"product_brand":[],"product_cat":[216,132],"product_tag":[134,147],"class_list":{"0":"post-16463","1":"product","2":"type-product","3":"status-publish","4":"has-post-thumbnail","6":"product_cat-bestsellers","7":"product_cat-arbeitssicherheit-rettung-en","8":"product_tag-descender","9":"product_tag-lifting-function-en","11":"first","12":"instock","13":"featured","14":"shipping-taxable","15":"product-type-simple"},"_links":{"self":[{"href":"https:\/\/savealife.at\/en\/wp-json\/wp\/v2\/product\/16463","targetHints":{"allow":["GET"]}}],"collection":[{"href":"https:\/\/savealife.at\/en\/wp-json\/wp\/v2\/product"}],"about":[{"href":"https:\/\/savealife.at\/en\/wp-json\/wp\/v2\/types\/product"}],"replies":[{"embeddable":true,"href":"https:\/\/savealife.at\/en\/wp-json\/wp\/v2\/comments?post=16463"}],"wp:featuredmedia":[{"embeddable":true,"href":"https:\/\/savealife.at\/en\/wp-json\/wp\/v2\/media\/16556"}],"wp:attachment":[{"href":"https:\/\/savealife.at\/en\/wp-json\/wp\/v2\/media?parent=16463"}],"wp:term":[{"taxonomy":"product_brand","embeddable":true,"href":"https:\/\/savealife.at\/en\/wp-json\/wp\/v2\/product_brand?post=16463"},{"taxonomy":"product_cat","embeddable":true,"href":"https:\/\/savealife.at\/en\/wp-json\/wp\/v2\/product_cat?post=16463"},{"taxonomy":"product_tag","embeddable":true,"href":"https:\/\/savealife.at\/en\/wp-json\/wp\/v2\/product_tag?post=16463"}],"curies":[{"name":"wp","href":"https:\/\/api.w.org\/{rel}","templated":true}]}}